{"id":28123,"date":"2022-12-21T16:50:36","date_gmt":"2022-12-21T15:50:36","guid":{"rendered":"https:\/\/nordlys.se\/produkt\/multi-flipup\/"},"modified":"2023-01-13T14:31:40","modified_gmt":"2023-01-13T13:31:40","slug":"multi-flipup","status":"publish","type":"product","link":"https:\/\/nordlys.se\/fi\/produkt\/multi-flipup\/","title":{"rendered":"Multi flipup"},"content":{"rendered":"<p>Linssin koko 62&#215;55<\/p>\n","protected":false},"excerpt":{"rendered":"<p>Linssin koko 62&#215;55<\/p>\n","protected":false},"featured_media":27350,"template":"","meta":{"_et_pb_use_builder":"","_et_pb_old_content":"","_et_gb_content_width":""},"product_brand":[],"product_cat":[44],"product_tag":[],"class_list":{"0":"post-28123","1":"product","2":"type-product","3":"status-publish","4":"has-post-thumbnail","6":"product_cat-clipon-fi","8":"first","9":"instock","10":"shipping-taxable","11":"purchasable","12":"product-type-variable","13":"berocket_lgv_grid","14":"berocket_lgv_list_grid"},"yoast_head":"<!-- This site is optimized with the Yoast SEO plugin v27.4 - https:\/\/yoast.com\/product\/yoast-seo-wordpress\/ -->\n<title>Multi flipup - Nordlys<\/title>\n<meta name=\"robots\" content=\"index, follow, max-snippet:-1, max-image-preview:large, max-video-preview:-1\" \/>\n<link rel=\"canonical\" href=\"https:\/\/nordlys.se\/fi\/produkt\/multi-flipup\/\" \/>\n<meta property=\"og:locale\" content=\"fi_FI\" \/>\n<meta property=\"og:type\" content=\"article\" \/>\n<meta property=\"og:title\" content=\"Multi flipup - Nordlys\" \/>\n<meta property=\"og:description\" content=\"Linssin koko 62&#215;55\" \/>\n<meta property=\"og:url\" content=\"https:\/\/nordlys.se\/fi\/produkt\/multi-flipup\/\" \/>\n<meta property=\"og:site_name\" content=\"Nordlys\" \/>\n<meta property=\"article:modified_time\" content=\"2023-01-13T13:31:40+00:00\" \/>\n<meta property=\"og:image\" content=\"https:\/\/nordlys.se\/wp-content\/uploads\/2022\/12\/multiflipup.png\" \/>\n\t<meta property=\"og:image:width\" content=\"500\" \/>\n\t<meta property=\"og:image:height\" content=\"500\" \/>\n\t<meta property=\"og:image:type\" content=\"image\/png\" \/>\n<meta name=\"twitter:card\" content=\"summary_large_image\" \/>\n<script type=\"application\/ld+json\" class=\"yoast-schema-graph\">{\"@context\":\"https:\\\/\\\/schema.org\",\"@graph\":[{\"@type\":\"WebPage\",\"@id\":\"https:\\\/\\\/nordlys.se\\\/fi\\\/produkt\\\/multi-flipup\\\/\",\"url\":\"https:\\\/\\\/nordlys.se\\\/fi\\\/produkt\\\/multi-flipup\\\/\",\"name\":\"Multi flipup - Nordlys\",\"isPartOf\":{\"@id\":\"https:\\\/\\\/nordlys.se\\\/#website\"},\"primaryImageOfPage\":{\"@id\":\"https:\\\/\\\/nordlys.se\\\/fi\\\/produkt\\\/multi-flipup\\\/#primaryimage\"},\"image\":{\"@id\":\"https:\\\/\\\/nordlys.se\\\/fi\\\/produkt\\\/multi-flipup\\\/#primaryimage\"},\"thumbnailUrl\":\"https:\\\/\\\/i0.wp.com\\\/nordlys.se\\\/wp-content\\\/uploads\\\/2022\\\/12\\\/multiflipup.png?fit=500%2C500&ssl=1\",\"datePublished\":\"2022-12-21T15:50:36+00:00\",\"dateModified\":\"2023-01-13T13:31:40+00:00\",\"breadcrumb\":{\"@id\":\"https:\\\/\\\/nordlys.se\\\/fi\\\/produkt\\\/multi-flipup\\\/#breadcrumb\"},\"inLanguage\":\"fi\",\"potentialAction\":[{\"@type\":\"ReadAction\",\"target\":[\"https:\\\/\\\/nordlys.se\\\/fi\\\/produkt\\\/multi-flipup\\\/\"]}]},{\"@type\":\"ImageObject\",\"inLanguage\":\"fi\",\"@id\":\"https:\\\/\\\/nordlys.se\\\/fi\\\/produkt\\\/multi-flipup\\\/#primaryimage\",\"url\":\"https:\\\/\\\/i0.wp.com\\\/nordlys.se\\\/wp-content\\\/uploads\\\/2022\\\/12\\\/multiflipup.png?fit=500%2C500&ssl=1\",\"contentUrl\":\"https:\\\/\\\/i0.wp.com\\\/nordlys.se\\\/wp-content\\\/uploads\\\/2022\\\/12\\\/multiflipup.png?fit=500%2C500&ssl=1\",\"width\":500,\"height\":500},{\"@type\":\"BreadcrumbList\",\"@id\":\"https:\\\/\\\/nordlys.se\\\/fi\\\/produkt\\\/multi-flipup\\\/#breadcrumb\",\"itemListElement\":[{\"@type\":\"ListItem\",\"position\":1,\"name\":\"Hem\",\"item\":\"https:\\\/\\\/nordlys.se\\\/\"},{\"@type\":\"ListItem\",\"position\":2,\"name\":\"Mallit \\\/ tilaus\",\"item\":\"https:\\\/\\\/nordlys.se\\\/fi\\\/butik\\\/\"},{\"@type\":\"ListItem\",\"position\":3,\"name\":\"Multi flipup\"}]},{\"@type\":\"WebSite\",\"@id\":\"https:\\\/\\\/nordlys.se\\\/#website\",\"url\":\"https:\\\/\\\/nordlys.se\\\/\",\"name\":\"Nordlys\",\"description\":\"Clpon - du s\u00e4tter dem utanf\u00f6r din b\u00e5ge\",\"publisher\":{\"@id\":\"https:\\\/\\\/nordlys.se\\\/#organization\"},\"potentialAction\":[{\"@type\":\"SearchAction\",\"target\":{\"@type\":\"EntryPoint\",\"urlTemplate\":\"https:\\\/\\\/nordlys.se\\\/?s={search_term_string}\"},\"query-input\":{\"@type\":\"PropertyValueSpecification\",\"valueRequired\":true,\"valueName\":\"search_term_string\"}}],\"inLanguage\":\"fi\"},{\"@type\":\"Organization\",\"@id\":\"https:\\\/\\\/nordlys.se\\\/#organization\",\"name\":\"Nordlys\",\"url\":\"https:\\\/\\\/nordlys.se\\\/\",\"logo\":{\"@type\":\"ImageObject\",\"inLanguage\":\"fi\",\"@id\":\"https:\\\/\\\/nordlys.se\\\/#\\\/schema\\\/logo\\\/image\\\/\",\"url\":\"http:\\\/\\\/nordlys.se\\\/wp-content\\\/uploads\\\/2022\\\/12\\\/logo.png\",\"contentUrl\":\"http:\\\/\\\/nordlys.se\\\/wp-content\\\/uploads\\\/2022\\\/12\\\/logo.png\",\"width\":1419,\"height\":579,\"caption\":\"Nordlys\"},\"image\":{\"@id\":\"https:\\\/\\\/nordlys.se\\\/#\\\/schema\\\/logo\\\/image\\\/\"}}]}<\/script>\n<!-- \/ Yoast SEO plugin. -->","yoast_head_json":{"title":"Multi flipup - Nordlys","robots":{"index":"index","follow":"follow","max-snippet":"max-snippet:-1","max-image-preview":"max-image-preview:large","max-video-preview":"max-video-preview:-1"},"canonical":"https:\/\/nordlys.se\/fi\/produkt\/multi-flipup\/","og_locale":"fi_FI","og_type":"article","og_title":"Multi flipup - Nordlys","og_description":"Linssin koko 62&#215;55","og_url":"https:\/\/nordlys.se\/fi\/produkt\/multi-flipup\/","og_site_name":"Nordlys","article_modified_time":"2023-01-13T13:31:40+00:00","og_image":[{"width":500,"height":500,"url":"https:\/\/nordlys.se\/wp-content\/uploads\/2022\/12\/multiflipup.png","type":"image\/png"}],"twitter_card":"summary_large_image","schema":{"@context":"https:\/\/schema.org","@graph":[{"@type":"WebPage","@id":"https:\/\/nordlys.se\/fi\/produkt\/multi-flipup\/","url":"https:\/\/nordlys.se\/fi\/produkt\/multi-flipup\/","name":"Multi flipup - Nordlys","isPartOf":{"@id":"https:\/\/nordlys.se\/#website"},"primaryImageOfPage":{"@id":"https:\/\/nordlys.se\/fi\/produkt\/multi-flipup\/#primaryimage"},"image":{"@id":"https:\/\/nordlys.se\/fi\/produkt\/multi-flipup\/#primaryimage"},"thumbnailUrl":"https:\/\/i0.wp.com\/nordlys.se\/wp-content\/uploads\/2022\/12\/multiflipup.png?fit=500%2C500&ssl=1","datePublished":"2022-12-21T15:50:36+00:00","dateModified":"2023-01-13T13:31:40+00:00","breadcrumb":{"@id":"https:\/\/nordlys.se\/fi\/produkt\/multi-flipup\/#breadcrumb"},"inLanguage":"fi","potentialAction":[{"@type":"ReadAction","target":["https:\/\/nordlys.se\/fi\/produkt\/multi-flipup\/"]}]},{"@type":"ImageObject","inLanguage":"fi","@id":"https:\/\/nordlys.se\/fi\/produkt\/multi-flipup\/#primaryimage","url":"https:\/\/i0.wp.com\/nordlys.se\/wp-content\/uploads\/2022\/12\/multiflipup.png?fit=500%2C500&ssl=1","contentUrl":"https:\/\/i0.wp.com\/nordlys.se\/wp-content\/uploads\/2022\/12\/multiflipup.png?fit=500%2C500&ssl=1","width":500,"height":500},{"@type":"BreadcrumbList","@id":"https:\/\/nordlys.se\/fi\/produkt\/multi-flipup\/#breadcrumb","itemListElement":[{"@type":"ListItem","position":1,"name":"Hem","item":"https:\/\/nordlys.se\/"},{"@type":"ListItem","position":2,"name":"Mallit \/ tilaus","item":"https:\/\/nordlys.se\/fi\/butik\/"},{"@type":"ListItem","position":3,"name":"Multi flipup"}]},{"@type":"WebSite","@id":"https:\/\/nordlys.se\/#website","url":"https:\/\/nordlys.se\/","name":"Nordlys","description":"Clpon - du s\u00e4tter dem utanf\u00f6r din b\u00e5ge","publisher":{"@id":"https:\/\/nordlys.se\/#organization"},"potentialAction":[{"@type":"SearchAction","target":{"@type":"EntryPoint","urlTemplate":"https:\/\/nordlys.se\/?s={search_term_string}"},"query-input":{"@type":"PropertyValueSpecification","valueRequired":true,"valueName":"search_term_string"}}],"inLanguage":"fi"},{"@type":"Organization","@id":"https:\/\/nordlys.se\/#organization","name":"Nordlys","url":"https:\/\/nordlys.se\/","logo":{"@type":"ImageObject","inLanguage":"fi","@id":"https:\/\/nordlys.se\/#\/schema\/logo\/image\/","url":"http:\/\/nordlys.se\/wp-content\/uploads\/2022\/12\/logo.png","contentUrl":"http:\/\/nordlys.se\/wp-content\/uploads\/2022\/12\/logo.png","width":1419,"height":579,"caption":"Nordlys"},"image":{"@id":"https:\/\/nordlys.se\/#\/schema\/logo\/image\/"}}]}},"jetpack_sharing_enabled":true,"_links":{"self":[{"href":"https:\/\/nordlys.se\/fi\/wp-json\/wp\/v2\/product\/28123","targetHints":{"allow":["GET"]}}],"collection":[{"href":"https:\/\/nordlys.se\/fi\/wp-json\/wp\/v2\/product"}],"about":[{"href":"https:\/\/nordlys.se\/fi\/wp-json\/wp\/v2\/types\/product"}],"wp:featuredmedia":[{"embeddable":true,"href":"https:\/\/nordlys.se\/fi\/wp-json\/wp\/v2\/media\/27350"}],"wp:attachment":[{"href":"https:\/\/nordlys.se\/fi\/wp-json\/wp\/v2\/media?parent=28123"}],"wp:term":[{"taxonomy":"product_brand","embeddable":true,"href":"https:\/\/nordlys.se\/fi\/wp-json\/wp\/v2\/product_brand?post=28123"},{"taxonomy":"product_cat","embeddable":true,"href":"https:\/\/nordlys.se\/fi\/wp-json\/wp\/v2\/product_cat?post=28123"},{"taxonomy":"product_tag","embeddable":true,"href":"https:\/\/nordlys.se\/fi\/wp-json\/wp\/v2\/product_tag?post=28123"}],"curies":[{"name":"wp","href":"https:\/\/api.w.org\/{rel}","templated":true}]}}