{"id":27405,"date":"2022-12-19T14:16:47","date_gmt":"2022-12-19T13:16:47","guid":{"rendered":"https:\/\/nordlys.se\/tietoa-yrityksesta\/"},"modified":"2023-04-27T14:30:43","modified_gmt":"2023-04-27T12:30:43","slug":"tietoa-yrityksesta","status":"publish","type":"page","link":"https:\/\/nordlys.se\/fi\/tietoa-yrityksesta\/","title":{"rendered":"Tietoa yrityksest\u00e4"},"content":{"rendered":"<p>[et_pb_section fb_built=&#8221;1&#8243; admin_label=&#8221;Testimonials&#8221; _builder_version=&#8221;4.16&#8243; background_color=&#8221;#f4f4f4&#8243; custom_margin=&#8221;60px|60px|60px|60px&#8221; custom_margin_tablet=&#8221;&#8221; custom_margin_phone=&#8221;0px|0px|0px|0px&#8221; custom_margin_last_edited=&#8221;on|phone&#8221; custom_padding=&#8221;110px||110px|&#8221; collapsed=&#8221;off&#8221; global_colors_info=&#8221;{}&#8221;][et_pb_row _builder_version=&#8221;4.16&#8243; custom_padding=&#8221;27px|0px|0px|0px&#8221; locked=&#8221;off&#8221; global_colors_info=&#8221;{}&#8221;][et_pb_column type=&#8221;4_4&#8243; _builder_version=&#8221;4.16&#8243; custom_padding=&#8221;|||&#8221; global_colors_info=&#8221;{}&#8221; custom_padding__hover=&#8221;|||&#8221;][et_pb_text _builder_version=&#8221;4.19.4&#8243; text_font=&#8221;||||||||&#8221; header_font=&#8221;|700||on|||||&#8221; header_letter_spacing=&#8221;4px&#8221; header_line_height=&#8221;1.2em&#8221; header_2_font=&#8221;|700||on|||||&#8221; header_2_text_align=&#8221;center&#8221; header_2_font_size=&#8221;30px&#8221; header_2_letter_spacing=&#8221;4px&#8221; header_2_line_height=&#8221;1.2em&#8221; module_alignment=&#8221;center&#8221; custom_margin=&#8221;||10px|&#8221; custom_padding=&#8221;|||&#8221; animation_style=&#8221;fade&#8221; locked=&#8221;off&#8221; global_colors_info=&#8221;{}&#8221;]<\/p>\n<h1>Tietoa yrityksest\u00e4<\/h1>\n<p>[\/et_pb_text][\/et_pb_column][\/et_pb_row][et_pb_row use_custom_gutter=&#8221;on&#8221; gutter_width=&#8221;2&#8243; column_padding_mobile=&#8221;on&#8221; custom_padding_last_edited=&#8221;on|tablet&#8221; _builder_version=&#8221;4.16&#8243; background_size=&#8221;initial&#8221; background_position=&#8221;top_left&#8221; background_repeat=&#8221;repeat&#8221; custom_margin=&#8221;0px|||&#8221; custom_padding=&#8221;0px|0px|27px|0px&#8221; custom_padding_tablet=&#8221;49px|||&#8221; custom_padding_phone=&#8221;29px|||&#8221; custom_width_px=&#8221;544px&#8221; global_colors_info=&#8221;{}&#8221;][et_pb_column type=&#8221;4_4&#8243; _builder_version=&#8221;4.16&#8243; custom_padding=&#8221;|||&#8221; global_colors_info=&#8221;{}&#8221; custom_padding__hover=&#8221;|||&#8221;][et_pb_text _builder_version=&#8221;4.20.2&#8243; _module_preset=&#8221;default&#8221; global_colors_info=&#8221;{}&#8221;]<strong style=\"color: #0000cc;\">Nordlys Optik AB<\/strong> perustettiin vuonna 1972 optiikka teollisuuden tukkukauppiaaksi.<br \/>\nMarkkinamme on p\u00e4\u00e4asiassa Ruotsi ja muut Pohjoismaissa toimivat optiikkaliikkeet.<\/p>\n<p>Tavoitteena on aina ollut tarjota asiakkaillemme paras vaihtoehto kaikissa markkinoimissamme tuoteryhmiss\u00e4.<br \/>\nMeill\u00e4 on korkeat vaatimukset laadulle ja pitk\u00e4j\u00e4nteisyydelle, kuten: laatu, kuluttajahy\u00f6ty, toimitusvarmuus ja ehk\u00e4 t\u00e4rkein asia sinulle asiakkaana \u2013 hyv\u00e4 asiakaspalvelu.<\/p>\n<p><strong>Tuotteillamme tulee olla selke\u00e4 k\u00e4ytt\u00f6tarkoitus k\u00e4ytt\u00e4j\u00e4lleen.<\/strong><br \/>\nNordlys markkinoi t\u00e4ydellisen valikoiman aurinkosuojatuotteita silm\u00e4lasien k\u00e4ytt\u00e4jille: clipon, ripustimet ja Fitovers.<br \/>\nNordlys markkinoi my\u00f6s korkealaatuisia itse valmistettuja kehyksi\u00e4 oikeaan hintaan.[\/et_pb_text][\/et_pb_column][\/et_pb_row][\/et_pb_section]<\/p>\n","protected":false},"excerpt":{"rendered":"<p>Tietoa yrityksest\u00e4Nordlys Optik AB perustettiin vuonna 1972 optiikka teollisuuden tukkukauppiaaksi. Markkinamme on p\u00e4\u00e4asiassa Ruotsi ja muut Pohjoismaissa toimivat optiikkaliikkeet. Tavoitteena on aina ollut tarjota asiakkaillemme paras vaihtoehto kaikissa markkinoimissamme tuoteryhmiss\u00e4. Meill\u00e4 on korkeat vaatimukset laadulle ja pitk\u00e4j\u00e4nteisyydelle, kuten: laatu, kuluttajahy\u00f6ty, toimitusvarmuus ja ehk\u00e4 t\u00e4rkein asia sinulle asiakkaana \u2013 hyv\u00e4 asiakaspalvelu. Tuotteillamme tulee olla selke\u00e4 k\u00e4ytt\u00f6tarkoitus [&hellip;]<\/p>\n","protected":false},"author":1,"featured_media":0,"parent":0,"menu_order":0,"comment_status":"closed","ping_status":"closed","template":"","meta":{"_et_pb_use_builder":"on","_et_pb_old_content":"","_et_gb_content_width":"","footnotes":""},"class_list":["post-27405","page","type-page","status-publish","hentry"],"yoast_head":"<!-- This site is optimized with the Yoast SEO plugin v27.4 - https:\/\/yoast.com\/product\/yoast-seo-wordpress\/ -->\n<title>Tietoa yrityksest\u00e4 - Nordlys<\/title>\n<meta name=\"robots\" content=\"index, follow, max-snippet:-1, max-image-preview:large, max-video-preview:-1\" \/>\n<link rel=\"canonical\" href=\"https:\/\/nordlys.se\/fi\/tietoa-yrityksesta\/\" \/>\n<meta property=\"og:locale\" content=\"fi_FI\" \/>\n<meta property=\"og:type\" content=\"article\" \/>\n<meta property=\"og:title\" content=\"Tietoa yrityksest\u00e4 - Nordlys\" \/>\n<meta property=\"og:description\" content=\"Tietoa yrityksest\u00e4Nordlys Optik AB perustettiin vuonna 1972 optiikka teollisuuden tukkukauppiaaksi. Markkinamme on p\u00e4\u00e4asiassa Ruotsi ja muut Pohjoismaissa toimivat optiikkaliikkeet. Tavoitteena on aina ollut tarjota asiakkaillemme paras vaihtoehto kaikissa markkinoimissamme tuoteryhmiss\u00e4. Meill\u00e4 on korkeat vaatimukset laadulle ja pitk\u00e4j\u00e4nteisyydelle, kuten: laatu, kuluttajahy\u00f6ty, toimitusvarmuus ja ehk\u00e4 t\u00e4rkein asia sinulle asiakkaana \u2013 hyv\u00e4 asiakaspalvelu. Tuotteillamme tulee olla selke\u00e4 k\u00e4ytt\u00f6tarkoitus [&hellip;]\" \/>\n<meta property=\"og:url\" content=\"https:\/\/nordlys.se\/fi\/tietoa-yrityksesta\/\" \/>\n<meta property=\"og:site_name\" content=\"Nordlys\" \/>\n<meta property=\"article:modified_time\" content=\"2023-04-27T12:30:43+00:00\" \/>\n<meta name=\"twitter:card\" content=\"summary_large_image\" \/>\n<meta name=\"twitter:label1\" content=\"Est. reading time\" \/>\n\t<meta name=\"twitter:data1\" content=\"2 minutes\" \/>\n<script type=\"application\/ld+json\" class=\"yoast-schema-graph\">{\"@context\":\"https:\\\/\\\/schema.org\",\"@graph\":[{\"@type\":\"WebPage\",\"@id\":\"https:\\\/\\\/nordlys.se\\\/fi\\\/tietoa-yrityksesta\\\/\",\"url\":\"https:\\\/\\\/nordlys.se\\\/fi\\\/tietoa-yrityksesta\\\/\",\"name\":\"Tietoa yrityksest\u00e4 - Nordlys\",\"isPartOf\":{\"@id\":\"https:\\\/\\\/nordlys.se\\\/#website\"},\"datePublished\":\"2022-12-19T13:16:47+00:00\",\"dateModified\":\"2023-04-27T12:30:43+00:00\",\"breadcrumb\":{\"@id\":\"https:\\\/\\\/nordlys.se\\\/fi\\\/tietoa-yrityksesta\\\/#breadcrumb\"},\"inLanguage\":\"fi\",\"potentialAction\":[{\"@type\":\"ReadAction\",\"target\":[\"https:\\\/\\\/nordlys.se\\\/fi\\\/tietoa-yrityksesta\\\/\"]}]},{\"@type\":\"BreadcrumbList\",\"@id\":\"https:\\\/\\\/nordlys.se\\\/fi\\\/tietoa-yrityksesta\\\/#breadcrumb\",\"itemListElement\":[{\"@type\":\"ListItem\",\"position\":1,\"name\":\"Hem\",\"item\":\"https:\\\/\\\/nordlys.se\\\/\"},{\"@type\":\"ListItem\",\"position\":2,\"name\":\"Tietoa yrityksest\u00e4\"}]},{\"@type\":\"WebSite\",\"@id\":\"https:\\\/\\\/nordlys.se\\\/#website\",\"url\":\"https:\\\/\\\/nordlys.se\\\/\",\"name\":\"Nordlys\",\"description\":\"Clpon - du s\u00e4tter dem utanf\u00f6r din b\u00e5ge\",\"publisher\":{\"@id\":\"https:\\\/\\\/nordlys.se\\\/#organization\"},\"potentialAction\":[{\"@type\":\"SearchAction\",\"target\":{\"@type\":\"EntryPoint\",\"urlTemplate\":\"https:\\\/\\\/nordlys.se\\\/?s={search_term_string}\"},\"query-input\":{\"@type\":\"PropertyValueSpecification\",\"valueRequired\":true,\"valueName\":\"search_term_string\"}}],\"inLanguage\":\"fi\"},{\"@type\":\"Organization\",\"@id\":\"https:\\\/\\\/nordlys.se\\\/#organization\",\"name\":\"Nordlys\",\"url\":\"https:\\\/\\\/nordlys.se\\\/\",\"logo\":{\"@type\":\"ImageObject\",\"inLanguage\":\"fi\",\"@id\":\"https:\\\/\\\/nordlys.se\\\/#\\\/schema\\\/logo\\\/image\\\/\",\"url\":\"http:\\\/\\\/nordlys.se\\\/wp-content\\\/uploads\\\/2022\\\/12\\\/logo.png\",\"contentUrl\":\"http:\\\/\\\/nordlys.se\\\/wp-content\\\/uploads\\\/2022\\\/12\\\/logo.png\",\"width\":1419,\"height\":579,\"caption\":\"Nordlys\"},\"image\":{\"@id\":\"https:\\\/\\\/nordlys.se\\\/#\\\/schema\\\/logo\\\/image\\\/\"}}]}<\/script>\n<!-- \/ Yoast SEO plugin. -->","yoast_head_json":{"title":"Tietoa yrityksest\u00e4 - Nordlys","robots":{"index":"index","follow":"follow","max-snippet":"max-snippet:-1","max-image-preview":"max-image-preview:large","max-video-preview":"max-video-preview:-1"},"canonical":"https:\/\/nordlys.se\/fi\/tietoa-yrityksesta\/","og_locale":"fi_FI","og_type":"article","og_title":"Tietoa yrityksest\u00e4 - Nordlys","og_description":"Tietoa yrityksest\u00e4Nordlys Optik AB perustettiin vuonna 1972 optiikka teollisuuden tukkukauppiaaksi. Markkinamme on p\u00e4\u00e4asiassa Ruotsi ja muut Pohjoismaissa toimivat optiikkaliikkeet. Tavoitteena on aina ollut tarjota asiakkaillemme paras vaihtoehto kaikissa markkinoimissamme tuoteryhmiss\u00e4. Meill\u00e4 on korkeat vaatimukset laadulle ja pitk\u00e4j\u00e4nteisyydelle, kuten: laatu, kuluttajahy\u00f6ty, toimitusvarmuus ja ehk\u00e4 t\u00e4rkein asia sinulle asiakkaana \u2013 hyv\u00e4 asiakaspalvelu. Tuotteillamme tulee olla selke\u00e4 k\u00e4ytt\u00f6tarkoitus [&hellip;]","og_url":"https:\/\/nordlys.se\/fi\/tietoa-yrityksesta\/","og_site_name":"Nordlys","article_modified_time":"2023-04-27T12:30:43+00:00","twitter_card":"summary_large_image","twitter_misc":{"Est. reading time":"2 minutes"},"schema":{"@context":"https:\/\/schema.org","@graph":[{"@type":"WebPage","@id":"https:\/\/nordlys.se\/fi\/tietoa-yrityksesta\/","url":"https:\/\/nordlys.se\/fi\/tietoa-yrityksesta\/","name":"Tietoa yrityksest\u00e4 - Nordlys","isPartOf":{"@id":"https:\/\/nordlys.se\/#website"},"datePublished":"2022-12-19T13:16:47+00:00","dateModified":"2023-04-27T12:30:43+00:00","breadcrumb":{"@id":"https:\/\/nordlys.se\/fi\/tietoa-yrityksesta\/#breadcrumb"},"inLanguage":"fi","potentialAction":[{"@type":"ReadAction","target":["https:\/\/nordlys.se\/fi\/tietoa-yrityksesta\/"]}]},{"@type":"BreadcrumbList","@id":"https:\/\/nordlys.se\/fi\/tietoa-yrityksesta\/#breadcrumb","itemListElement":[{"@type":"ListItem","position":1,"name":"Hem","item":"https:\/\/nordlys.se\/"},{"@type":"ListItem","position":2,"name":"Tietoa yrityksest\u00e4"}]},{"@type":"WebSite","@id":"https:\/\/nordlys.se\/#website","url":"https:\/\/nordlys.se\/","name":"Nordlys","description":"Clpon - du s\u00e4tter dem utanf\u00f6r din b\u00e5ge","publisher":{"@id":"https:\/\/nordlys.se\/#organization"},"potentialAction":[{"@type":"SearchAction","target":{"@type":"EntryPoint","urlTemplate":"https:\/\/nordlys.se\/?s={search_term_string}"},"query-input":{"@type":"PropertyValueSpecification","valueRequired":true,"valueName":"search_term_string"}}],"inLanguage":"fi"},{"@type":"Organization","@id":"https:\/\/nordlys.se\/#organization","name":"Nordlys","url":"https:\/\/nordlys.se\/","logo":{"@type":"ImageObject","inLanguage":"fi","@id":"https:\/\/nordlys.se\/#\/schema\/logo\/image\/","url":"http:\/\/nordlys.se\/wp-content\/uploads\/2022\/12\/logo.png","contentUrl":"http:\/\/nordlys.se\/wp-content\/uploads\/2022\/12\/logo.png","width":1419,"height":579,"caption":"Nordlys"},"image":{"@id":"https:\/\/nordlys.se\/#\/schema\/logo\/image\/"}}]}},"jetpack_sharing_enabled":true,"_links":{"self":[{"href":"https:\/\/nordlys.se\/fi\/wp-json\/wp\/v2\/pages\/27405","targetHints":{"allow":["GET"]}}],"collection":[{"href":"https:\/\/nordlys.se\/fi\/wp-json\/wp\/v2\/pages"}],"about":[{"href":"https:\/\/nordlys.se\/fi\/wp-json\/wp\/v2\/types\/page"}],"author":[{"embeddable":true,"href":"https:\/\/nordlys.se\/fi\/wp-json\/wp\/v2\/users\/1"}],"replies":[{"embeddable":true,"href":"https:\/\/nordlys.se\/fi\/wp-json\/wp\/v2\/comments?post=27405"}],"version-history":[{"count":33,"href":"https:\/\/nordlys.se\/fi\/wp-json\/wp\/v2\/pages\/27405\/revisions"}],"predecessor-version":[{"id":33154,"href":"https:\/\/nordlys.se\/fi\/wp-json\/wp\/v2\/pages\/27405\/revisions\/33154"}],"wp:attachment":[{"href":"https:\/\/nordlys.se\/fi\/wp-json\/wp\/v2\/media?parent=27405"}],"curies":[{"name":"wp","href":"https:\/\/api.w.org\/{rel}","templated":true}]}}