{"id":27402,"date":"2022-11-28T12:15:23","date_gmt":"2022-11-28T11:15:23","guid":{"rendered":"https:\/\/nordlys.se\/mitt-konto-2\/"},"modified":"2023-04-27T14:38:56","modified_gmt":"2023-04-27T12:38:56","slug":"mitt-konto-2","status":"publish","type":"page","link":"https:\/\/nordlys.se\/fi\/mitt-konto-2\/","title":{"rendered":"Tilini"},"content":{"rendered":"<div class=\"woocommerce\"><\/div>\n","protected":false},"excerpt":{"rendered":"","protected":false},"author":1,"featured_media":0,"parent":0,"menu_order":0,"comment_status":"closed","ping_status":"closed","template":"","meta":{"_et_pb_use_builder":"","_et_pb_old_content":"","_et_gb_content_width":"","footnotes":""},"class_list":["post-27402","page","type-page","status-publish","hentry"],"yoast_head":"<!-- This site is optimized with the Yoast SEO plugin v27.4 - https:\/\/yoast.com\/product\/yoast-seo-wordpress\/ -->\n<title>Tilini - Nordlys<\/title>\n<meta name=\"robots\" content=\"index, follow, max-snippet:-1, max-image-preview:large, max-video-preview:-1\" \/>\n<link rel=\"canonical\" href=\"https:\/\/nordlys.se\/fi\/mitt-konto-2\/\" \/>\n<meta property=\"og:locale\" content=\"fi_FI\" \/>\n<meta property=\"og:type\" content=\"article\" \/>\n<meta property=\"og:title\" content=\"Tilini - Nordlys\" \/>\n<meta property=\"og:url\" content=\"https:\/\/nordlys.se\/fi\/mitt-konto-2\/\" \/>\n<meta property=\"og:site_name\" content=\"Nordlys\" \/>\n<meta property=\"article:modified_time\" content=\"2023-04-27T12:38:56+00:00\" \/>\n<meta name=\"twitter:card\" content=\"summary_large_image\" \/>\n<script type=\"application\/ld+json\" class=\"yoast-schema-graph\">{\"@context\":\"https:\\\/\\\/schema.org\",\"@graph\":[{\"@type\":\"WebPage\",\"@id\":\"https:\\\/\\\/nordlys.se\\\/fi\\\/mitt-konto-2\\\/\",\"url\":\"https:\\\/\\\/nordlys.se\\\/fi\\\/mitt-konto-2\\\/\",\"name\":\"Tilini - Nordlys\",\"isPartOf\":{\"@id\":\"https:\\\/\\\/nordlys.se\\\/#website\"},\"datePublished\":\"2022-11-28T11:15:23+00:00\",\"dateModified\":\"2023-04-27T12:38:56+00:00\",\"breadcrumb\":{\"@id\":\"https:\\\/\\\/nordlys.se\\\/fi\\\/mitt-konto-2\\\/#breadcrumb\"},\"inLanguage\":\"fi\",\"potentialAction\":[{\"@type\":\"ReadAction\",\"target\":[\"https:\\\/\\\/nordlys.se\\\/fi\\\/mitt-konto-2\\\/\"]}]},{\"@type\":\"BreadcrumbList\",\"@id\":\"https:\\\/\\\/nordlys.se\\\/fi\\\/mitt-konto-2\\\/#breadcrumb\",\"itemListElement\":[{\"@type\":\"ListItem\",\"position\":1,\"name\":\"Hem\",\"item\":\"https:\\\/\\\/nordlys.se\\\/\"},{\"@type\":\"ListItem\",\"position\":2,\"name\":\"Tilini\"}]},{\"@type\":\"WebSite\",\"@id\":\"https:\\\/\\\/nordlys.se\\\/#website\",\"url\":\"https:\\\/\\\/nordlys.se\\\/\",\"name\":\"Nordlys\",\"description\":\"Clpon - du s\u00e4tter dem utanf\u00f6r din b\u00e5ge\",\"publisher\":{\"@id\":\"https:\\\/\\\/nordlys.se\\\/#organization\"},\"potentialAction\":[{\"@type\":\"SearchAction\",\"target\":{\"@type\":\"EntryPoint\",\"urlTemplate\":\"https:\\\/\\\/nordlys.se\\\/?s={search_term_string}\"},\"query-input\":{\"@type\":\"PropertyValueSpecification\",\"valueRequired\":true,\"valueName\":\"search_term_string\"}}],\"inLanguage\":\"fi\"},{\"@type\":\"Organization\",\"@id\":\"https:\\\/\\\/nordlys.se\\\/#organization\",\"name\":\"Nordlys\",\"url\":\"https:\\\/\\\/nordlys.se\\\/\",\"logo\":{\"@type\":\"ImageObject\",\"inLanguage\":\"fi\",\"@id\":\"https:\\\/\\\/nordlys.se\\\/#\\\/schema\\\/logo\\\/image\\\/\",\"url\":\"http:\\\/\\\/nordlys.se\\\/wp-content\\\/uploads\\\/2022\\\/12\\\/logo.png\",\"contentUrl\":\"http:\\\/\\\/nordlys.se\\\/wp-content\\\/uploads\\\/2022\\\/12\\\/logo.png\",\"width\":1419,\"height\":579,\"caption\":\"Nordlys\"},\"image\":{\"@id\":\"https:\\\/\\\/nordlys.se\\\/#\\\/schema\\\/logo\\\/image\\\/\"}}]}<\/script>\n<!-- \/ Yoast SEO plugin. -->","yoast_head_json":{"title":"Tilini - Nordlys","robots":{"index":"index","follow":"follow","max-snippet":"max-snippet:-1","max-image-preview":"max-image-preview:large","max-video-preview":"max-video-preview:-1"},"canonical":"https:\/\/nordlys.se\/fi\/mitt-konto-2\/","og_locale":"fi_FI","og_type":"article","og_title":"Tilini - Nordlys","og_url":"https:\/\/nordlys.se\/fi\/mitt-konto-2\/","og_site_name":"Nordlys","article_modified_time":"2023-04-27T12:38:56+00:00","twitter_card":"summary_large_image","schema":{"@context":"https:\/\/schema.org","@graph":[{"@type":"WebPage","@id":"https:\/\/nordlys.se\/fi\/mitt-konto-2\/","url":"https:\/\/nordlys.se\/fi\/mitt-konto-2\/","name":"Tilini - Nordlys","isPartOf":{"@id":"https:\/\/nordlys.se\/#website"},"datePublished":"2022-11-28T11:15:23+00:00","dateModified":"2023-04-27T12:38:56+00:00","breadcrumb":{"@id":"https:\/\/nordlys.se\/fi\/mitt-konto-2\/#breadcrumb"},"inLanguage":"fi","potentialAction":[{"@type":"ReadAction","target":["https:\/\/nordlys.se\/fi\/mitt-konto-2\/"]}]},{"@type":"BreadcrumbList","@id":"https:\/\/nordlys.se\/fi\/mitt-konto-2\/#breadcrumb","itemListElement":[{"@type":"ListItem","position":1,"name":"Hem","item":"https:\/\/nordlys.se\/"},{"@type":"ListItem","position":2,"name":"Tilini"}]},{"@type":"WebSite","@id":"https:\/\/nordlys.se\/#website","url":"https:\/\/nordlys.se\/","name":"Nordlys","description":"Clpon - du s\u00e4tter dem utanf\u00f6r din b\u00e5ge","publisher":{"@id":"https:\/\/nordlys.se\/#organization"},"potentialAction":[{"@type":"SearchAction","target":{"@type":"EntryPoint","urlTemplate":"https:\/\/nordlys.se\/?s={search_term_string}"},"query-input":{"@type":"PropertyValueSpecification","valueRequired":true,"valueName":"search_term_string"}}],"inLanguage":"fi"},{"@type":"Organization","@id":"https:\/\/nordlys.se\/#organization","name":"Nordlys","url":"https:\/\/nordlys.se\/","logo":{"@type":"ImageObject","inLanguage":"fi","@id":"https:\/\/nordlys.se\/#\/schema\/logo\/image\/","url":"http:\/\/nordlys.se\/wp-content\/uploads\/2022\/12\/logo.png","contentUrl":"http:\/\/nordlys.se\/wp-content\/uploads\/2022\/12\/logo.png","width":1419,"height":579,"caption":"Nordlys"},"image":{"@id":"https:\/\/nordlys.se\/#\/schema\/logo\/image\/"}}]}},"jetpack_sharing_enabled":true,"_links":{"self":[{"href":"https:\/\/nordlys.se\/fi\/wp-json\/wp\/v2\/pages\/27402","targetHints":{"allow":["GET"]}}],"collection":[{"href":"https:\/\/nordlys.se\/fi\/wp-json\/wp\/v2\/pages"}],"about":[{"href":"https:\/\/nordlys.se\/fi\/wp-json\/wp\/v2\/types\/page"}],"author":[{"embeddable":true,"href":"https:\/\/nordlys.se\/fi\/wp-json\/wp\/v2\/users\/1"}],"replies":[{"embeddable":true,"href":"https:\/\/nordlys.se\/fi\/wp-json\/wp\/v2\/comments?post=27402"}],"version-history":[{"count":1,"href":"https:\/\/nordlys.se\/fi\/wp-json\/wp\/v2\/pages\/27402\/revisions"}],"predecessor-version":[{"id":33167,"href":"https:\/\/nordlys.se\/fi\/wp-json\/wp\/v2\/pages\/27402\/revisions\/33167"}],"wp:attachment":[{"href":"https:\/\/nordlys.se\/fi\/wp-json\/wp\/v2\/media?parent=27402"}],"curies":[{"name":"wp","href":"https:\/\/api.w.org\/{rel}","templated":true}]}}