{"id":27400,"date":"2022-11-28T12:15:23","date_gmt":"2022-11-28T11:15:23","guid":{"rendered":"https:\/\/nordlys.se\/varukorg-2\/"},"modified":"2023-04-27T14:39:06","modified_gmt":"2023-04-27T12:39:06","slug":"ostoskori","status":"publish","type":"page","link":"https:\/\/nordlys.se\/fi\/ostoskori\/","title":{"rendered":"Ostoskori"},"content":{"rendered":"<p>[et_pb_section fb_built=&#8221;1&#8243; _builder_version=&#8221;4.16&#8243; global_colors_info=&#8221;{}&#8221;][et_pb_row _builder_version=&#8221;4.16&#8243; background_size=&#8221;initial&#8221; background_position=&#8221;top_left&#8221; background_repeat=&#8221;repeat&#8221; global_colors_info=&#8221;{}&#8221;][et_pb_column type=&#8221;4_4&#8243; _builder_version=&#8221;4.16&#8243; custom_padding=&#8221;|||&#8221; global_colors_info=&#8221;{}&#8221; custom_padding__hover=&#8221;|||&#8221;][et_pb_post_title meta=&#8221;off&#8221; featured_image=&#8221;off&#8221; _builder_version=&#8221;4.16&#8243; global_colors_info=&#8221;{}&#8221;][\/et_pb_post_title][et_pb_text _builder_version=&#8221;4.20.2&#8243; _module_preset=&#8221;default&#8221; hover_enabled=&#8221;0&#8243; sticky_enabled=&#8221;0&#8243;]Vahvistus l\u00e4hetet\u00e4\u00e4n s\u00e4hk\u00f6postiisi.[\/et_pb_text][et_pb_wc_cart_notice _builder_version=&#8221;4.16&#8243; global_colors_info=&#8221;{}&#8221;][\/et_pb_wc_cart_notice][et_pb_wc_cart_products _builder_version=&#8221;4.16&#8243; global_colors_info=&#8221;{}&#8221;][\/et_pb_wc_cart_products][\/et_pb_column][\/et_pb_row][et_pb_row column_structure=&#8221;1_2,1_2&#8243; _builder_version=&#8221;4.16&#8243; background_size=&#8221;initial&#8221; background_position=&#8221;top_left&#8221; background_repeat=&#8221;repeat&#8221; global_colors_info=&#8221;{}&#8221;][et_pb_column type=&#8221;1_2&#8243; _builder_version=&#8221;4.16&#8243; custom_padding=&#8221;|||&#8221; global_colors_info=&#8221;{}&#8221; custom_padding__hover=&#8221;|||&#8221;][et_pb_wc_cross_sells _builder_version=&#8221;4.16&#8243; global_colors_info=&#8221;{}&#8221;][\/et_pb_wc_cross_sells][\/et_pb_column][et_pb_column type=&#8221;1_2&#8243; _builder_version=&#8221;4.16&#8243; custom_padding=&#8221;|||&#8221; global_colors_info=&#8221;{}&#8221; custom_padding__hover=&#8221;|||&#8221;][et_pb_wc_cart_totals _builder_version=&#8221;4.16&#8243; global_colors_info=&#8221;{}&#8221;][\/et_pb_wc_cart_totals][\/et_pb_column][\/et_pb_row][\/et_pb_section]<\/p>\n","protected":false},"excerpt":{"rendered":"<p>Vahvistus l\u00e4hetet\u00e4\u00e4n s\u00e4hk\u00f6postiisi.<\/p>\n","protected":false},"author":1,"featured_media":0,"parent":0,"menu_order":0,"comment_status":"closed","ping_status":"closed","template":"","meta":{"_et_pb_use_builder":"on","_et_pb_old_content":"","_et_gb_content_width":"","footnotes":""},"class_list":["post-27400","page","type-page","status-publish","hentry"],"yoast_head":"<!-- This site is optimized with the Yoast SEO plugin v27.4 - https:\/\/yoast.com\/product\/yoast-seo-wordpress\/ -->\n<title>Ostoskori - Nordlys<\/title>\n<meta name=\"robots\" content=\"index, follow, max-snippet:-1, max-image-preview:large, max-video-preview:-1\" \/>\n<link rel=\"canonical\" href=\"https:\/\/nordlys.se\/fi\/ostoskori\/\" \/>\n<meta property=\"og:locale\" content=\"fi_FI\" \/>\n<meta property=\"og:type\" content=\"article\" \/>\n<meta property=\"og:title\" content=\"Ostoskori - Nordlys\" \/>\n<meta property=\"og:description\" content=\"Vahvistus l\u00e4hetet\u00e4\u00e4n s\u00e4hk\u00f6postiisi.\" \/>\n<meta property=\"og:url\" content=\"https:\/\/nordlys.se\/fi\/ostoskori\/\" \/>\n<meta property=\"og:site_name\" content=\"Nordlys\" \/>\n<meta property=\"article:modified_time\" content=\"2023-04-27T12:39:06+00:00\" \/>\n<meta name=\"twitter:card\" content=\"summary_large_image\" \/>\n<meta name=\"twitter:label1\" content=\"Est. reading time\" \/>\n\t<meta name=\"twitter:data1\" content=\"1 minute\" \/>\n<script type=\"application\/ld+json\" class=\"yoast-schema-graph\">{\"@context\":\"https:\\\/\\\/schema.org\",\"@graph\":[{\"@type\":\"WebPage\",\"@id\":\"https:\\\/\\\/nordlys.se\\\/fi\\\/ostoskori\\\/\",\"url\":\"https:\\\/\\\/nordlys.se\\\/fi\\\/ostoskori\\\/\",\"name\":\"Ostoskori - Nordlys\",\"isPartOf\":{\"@id\":\"https:\\\/\\\/nordlys.se\\\/#website\"},\"datePublished\":\"2022-11-28T11:15:23+00:00\",\"dateModified\":\"2023-04-27T12:39:06+00:00\",\"breadcrumb\":{\"@id\":\"https:\\\/\\\/nordlys.se\\\/fi\\\/ostoskori\\\/#breadcrumb\"},\"inLanguage\":\"fi\",\"potentialAction\":[{\"@type\":\"ReadAction\",\"target\":[\"https:\\\/\\\/nordlys.se\\\/fi\\\/ostoskori\\\/\"]}]},{\"@type\":\"BreadcrumbList\",\"@id\":\"https:\\\/\\\/nordlys.se\\\/fi\\\/ostoskori\\\/#breadcrumb\",\"itemListElement\":[{\"@type\":\"ListItem\",\"position\":1,\"name\":\"Hem\",\"item\":\"https:\\\/\\\/nordlys.se\\\/\"},{\"@type\":\"ListItem\",\"position\":2,\"name\":\"Ostoskori\"}]},{\"@type\":\"WebSite\",\"@id\":\"https:\\\/\\\/nordlys.se\\\/#website\",\"url\":\"https:\\\/\\\/nordlys.se\\\/\",\"name\":\"Nordlys\",\"description\":\"Clpon - du s\u00e4tter dem utanf\u00f6r din b\u00e5ge\",\"publisher\":{\"@id\":\"https:\\\/\\\/nordlys.se\\\/#organization\"},\"potentialAction\":[{\"@type\":\"SearchAction\",\"target\":{\"@type\":\"EntryPoint\",\"urlTemplate\":\"https:\\\/\\\/nordlys.se\\\/?s={search_term_string}\"},\"query-input\":{\"@type\":\"PropertyValueSpecification\",\"valueRequired\":true,\"valueName\":\"search_term_string\"}}],\"inLanguage\":\"fi\"},{\"@type\":\"Organization\",\"@id\":\"https:\\\/\\\/nordlys.se\\\/#organization\",\"name\":\"Nordlys\",\"url\":\"https:\\\/\\\/nordlys.se\\\/\",\"logo\":{\"@type\":\"ImageObject\",\"inLanguage\":\"fi\",\"@id\":\"https:\\\/\\\/nordlys.se\\\/#\\\/schema\\\/logo\\\/image\\\/\",\"url\":\"http:\\\/\\\/nordlys.se\\\/wp-content\\\/uploads\\\/2022\\\/12\\\/logo.png\",\"contentUrl\":\"http:\\\/\\\/nordlys.se\\\/wp-content\\\/uploads\\\/2022\\\/12\\\/logo.png\",\"width\":1419,\"height\":579,\"caption\":\"Nordlys\"},\"image\":{\"@id\":\"https:\\\/\\\/nordlys.se\\\/#\\\/schema\\\/logo\\\/image\\\/\"}}]}<\/script>\n<!-- \/ Yoast SEO plugin. -->","yoast_head_json":{"title":"Ostoskori - Nordlys","robots":{"index":"index","follow":"follow","max-snippet":"max-snippet:-1","max-image-preview":"max-image-preview:large","max-video-preview":"max-video-preview:-1"},"canonical":"https:\/\/nordlys.se\/fi\/ostoskori\/","og_locale":"fi_FI","og_type":"article","og_title":"Ostoskori - Nordlys","og_description":"Vahvistus l\u00e4hetet\u00e4\u00e4n s\u00e4hk\u00f6postiisi.","og_url":"https:\/\/nordlys.se\/fi\/ostoskori\/","og_site_name":"Nordlys","article_modified_time":"2023-04-27T12:39:06+00:00","twitter_card":"summary_large_image","twitter_misc":{"Est. reading time":"1 minute"},"schema":{"@context":"https:\/\/schema.org","@graph":[{"@type":"WebPage","@id":"https:\/\/nordlys.se\/fi\/ostoskori\/","url":"https:\/\/nordlys.se\/fi\/ostoskori\/","name":"Ostoskori - Nordlys","isPartOf":{"@id":"https:\/\/nordlys.se\/#website"},"datePublished":"2022-11-28T11:15:23+00:00","dateModified":"2023-04-27T12:39:06+00:00","breadcrumb":{"@id":"https:\/\/nordlys.se\/fi\/ostoskori\/#breadcrumb"},"inLanguage":"fi","potentialAction":[{"@type":"ReadAction","target":["https:\/\/nordlys.se\/fi\/ostoskori\/"]}]},{"@type":"BreadcrumbList","@id":"https:\/\/nordlys.se\/fi\/ostoskori\/#breadcrumb","itemListElement":[{"@type":"ListItem","position":1,"name":"Hem","item":"https:\/\/nordlys.se\/"},{"@type":"ListItem","position":2,"name":"Ostoskori"}]},{"@type":"WebSite","@id":"https:\/\/nordlys.se\/#website","url":"https:\/\/nordlys.se\/","name":"Nordlys","description":"Clpon - du s\u00e4tter dem utanf\u00f6r din b\u00e5ge","publisher":{"@id":"https:\/\/nordlys.se\/#organization"},"potentialAction":[{"@type":"SearchAction","target":{"@type":"EntryPoint","urlTemplate":"https:\/\/nordlys.se\/?s={search_term_string}"},"query-input":{"@type":"PropertyValueSpecification","valueRequired":true,"valueName":"search_term_string"}}],"inLanguage":"fi"},{"@type":"Organization","@id":"https:\/\/nordlys.se\/#organization","name":"Nordlys","url":"https:\/\/nordlys.se\/","logo":{"@type":"ImageObject","inLanguage":"fi","@id":"https:\/\/nordlys.se\/#\/schema\/logo\/image\/","url":"http:\/\/nordlys.se\/wp-content\/uploads\/2022\/12\/logo.png","contentUrl":"http:\/\/nordlys.se\/wp-content\/uploads\/2022\/12\/logo.png","width":1419,"height":579,"caption":"Nordlys"},"image":{"@id":"https:\/\/nordlys.se\/#\/schema\/logo\/image\/"}}]}},"jetpack_sharing_enabled":true,"_links":{"self":[{"href":"https:\/\/nordlys.se\/fi\/wp-json\/wp\/v2\/pages\/27400","targetHints":{"allow":["GET"]}}],"collection":[{"href":"https:\/\/nordlys.se\/fi\/wp-json\/wp\/v2\/pages"}],"about":[{"href":"https:\/\/nordlys.se\/fi\/wp-json\/wp\/v2\/types\/page"}],"author":[{"embeddable":true,"href":"https:\/\/nordlys.se\/fi\/wp-json\/wp\/v2\/users\/1"}],"replies":[{"embeddable":true,"href":"https:\/\/nordlys.se\/fi\/wp-json\/wp\/v2\/comments?post=27400"}],"version-history":[{"count":5,"href":"https:\/\/nordlys.se\/fi\/wp-json\/wp\/v2\/pages\/27400\/revisions"}],"predecessor-version":[{"id":33169,"href":"https:\/\/nordlys.se\/fi\/wp-json\/wp\/v2\/pages\/27400\/revisions\/33169"}],"wp:attachment":[{"href":"https:\/\/nordlys.se\/fi\/wp-json\/wp\/v2\/media?parent=27400"}],"curies":[{"name":"wp","href":"https:\/\/api.w.org\/{rel}","templated":true}]}}