{"id":27399,"date":"2022-12-19T14:47:20","date_gmt":"2022-12-19T13:47:20","guid":{"rendered":"https:\/\/nordlys.se\/butik\/"},"modified":"2023-05-02T10:47:24","modified_gmt":"2023-05-02T08:47:24","slug":"butik","status":"publish","type":"page","link":"https:\/\/nordlys.se\/fi\/butik\/","title":{"rendered":"Mallit \/ tilaus"},"content":{"rendered":"<p>[et_pb_section fb_built=&#8221;1&#8243; admin_label=&#8221;Testimonials&#8221; _builder_version=&#8221;4.16&#8243; background_color=&#8221;#f4f4f4&#8243; custom_margin=&#8221;60px|60px|60px|60px&#8221; custom_margin_tablet=&#8221;&#8221; custom_margin_phone=&#8221;0px|0px|0px|0px&#8221; custom_margin_last_edited=&#8221;on|phone&#8221; custom_padding=&#8221;110px||110px|&#8221; collapsed=&#8221;off&#8221; global_colors_info=&#8221;{}&#8221;][et_pb_row _builder_version=&#8221;4.16&#8243; custom_padding=&#8221;27px|0px|0px|0px&#8221; locked=&#8221;off&#8221; global_colors_info=&#8221;{}&#8221;][et_pb_column type=&#8221;4_4&#8243; _builder_version=&#8221;4.16&#8243; custom_padding=&#8221;|||&#8221; global_colors_info=&#8221;{}&#8221; custom_padding__hover=&#8221;|||&#8221;][et_pb_text _builder_version=&#8221;4.19.4&#8243; text_font=&#8221;||||||||&#8221; header_font=&#8221;|700||on|||||&#8221; header_letter_spacing=&#8221;4px&#8221; header_line_height=&#8221;1.2em&#8221; header_2_font=&#8221;|700||on|||||&#8221; header_2_text_align=&#8221;center&#8221; header_2_font_size=&#8221;30px&#8221; header_2_letter_spacing=&#8221;4px&#8221; header_2_line_height=&#8221;1.2em&#8221; module_alignment=&#8221;center&#8221; custom_margin=&#8221;||10px|&#8221; custom_padding=&#8221;|||&#8221; animation_style=&#8221;fade&#8221; locked=&#8221;off&#8221; global_colors_info=&#8221;{}&#8221;]<\/p>\n<h1>Mallit\/Tilaukset<\/h1>\n<p>[\/et_pb_text][\/et_pb_column][\/et_pb_row][et_pb_row use_custom_gutter=&#8221;on&#8221; gutter_width=&#8221;2&#8243; column_padding_mobile=&#8221;on&#8221; custom_padding_last_edited=&#8221;on|tablet&#8221; _builder_version=&#8221;4.16&#8243; background_size=&#8221;initial&#8221; background_position=&#8221;top_left&#8221; background_repeat=&#8221;repeat&#8221; custom_margin=&#8221;0px|||&#8221; custom_padding=&#8221;0px|0px|27px|0px&#8221; custom_padding_tablet=&#8221;49px|||&#8221; custom_padding_phone=&#8221;29px|||&#8221; custom_width_px=&#8221;544px&#8221; global_colors_info=&#8221;{}&#8221;][et_pb_column type=&#8221;4_4&#8243; _builder_version=&#8221;4.16&#8243; custom_padding=&#8221;|||&#8221; global_colors_info=&#8221;{}&#8221; custom_padding__hover=&#8221;|||&#8221;][et_pb_text _builder_version=&#8221;4.19.4&#8243; _module_preset=&#8221;default&#8221; global_colors_info=&#8221;{}&#8221;]<\/p>\n<p>T\u00e4ll\u00e4 sivulla voit helposti tehd\u00e4 tilauksen.<br \/>Siirry siihen tuoteryhm\u00e4\u00e4n, jonka haluat tilata.<\/p>\n<p><strong>Clipon &amp; muut aurinkotuotteet eiv\u00e4t ole saatavilla katseltavaksi.<\/strong><\/p>\n<p>[\/et_pb_text][\/et_pb_column][\/et_pb_row][\/et_pb_section][et_pb_section fb_built=&#8221;1&#8243; admin_label=&#8221;Gallery Section&#8221; _builder_version=&#8221;4.19.4&#8243; custom_padding=&#8221;0px||||false|false&#8221; global_colors_info=&#8221;{}&#8221;][et_pb_row column_structure=&#8221;1_3,1_3,1_3&#8243; use_custom_gutter=&#8221;on&#8221; gutter_width=&#8221;2&#8243; make_equal=&#8221;on&#8221; custom_padding_last_edited=&#8221;on|phone&#8221; module_class=&#8221; et_pb_row_fullwidth&#8221; _builder_version=&#8221;4.20.4&#8243; background_size=&#8221;initial&#8221; background_position=&#8221;top_left&#8221; background_repeat=&#8221;repeat&#8221; width=&#8221;94%&#8221; width_tablet=&#8221;80%&#8221; width_phone=&#8221;80%&#8221; width_last_edited=&#8221;on|desktop&#8221; max_width=&#8221;94%&#8221; max_width_tablet=&#8221;80%&#8221; max_width_phone=&#8221;80%&#8221; max_width_last_edited=&#8221;on|desktop&#8221; custom_padding=&#8221;|||&#8221; custom_padding_tablet=&#8221;|||&#8221; custom_padding_phone=&#8221;15px||15px||true|false&#8221; make_fullwidth=&#8221;on&#8221; global_colors_info=&#8221;{}&#8221;][et_pb_column type=&#8221;1_3&#8243; _builder_version=&#8221;4.19.4&#8243; background_color=&#8221;#f4f4f4&#8243; custom_padding=&#8221;5%|2%|5%|2%|true|true&#8221; link_option_url=&#8221;https:\/\/nordlys.se\/fi\/produkt-kategori\/clipon-fi\/&#8221; global_colors_info=&#8221;{}&#8221; custom_padding__hover=&#8221;|||&#8221; background__hover_enabled=&#8221;on|desktop&#8221; background_color__hover=&#8221;#FFFFFF&#8221; background_enable_color__hover=&#8221;on&#8221;][et_pb_text _builder_version=&#8221;4.19.4&#8243; _module_preset=&#8221;default&#8221; header_3_text_align=&#8221;center&#8221; header_3_font_size=&#8221;32px&#8221; header_3_font_size_tablet=&#8221;32px&#8221; header_3_font_size_phone=&#8221;24px&#8221; header_3_font_size_last_edited=&#8221;on|phone&#8221; global_colors_info=&#8221;{}&#8221;]<\/p>\n<h3>clipon<\/h3>\n<p>[\/et_pb_text][\/et_pb_column][et_pb_column type=&#8221;1_3&#8243; _builder_version=&#8221;4.19.4&#8243; background_color=&#8221;#f4f4f4&#8243; custom_padding=&#8221;5%|2%|5%|2%|true|true&#8221; link_option_url=&#8221;https:\/\/nordlys.se\/fi\/produkt-kategori\/forhangen-fitovers-fi\/&#8221; global_colors_info=&#8221;{}&#8221; custom_padding__hover=&#8221;|||&#8221; background_color__hover=&#8221;#FFFFFF&#8221; background__hover_enabled=&#8221;on|desktop&#8221; background_enable_color__hover=&#8221;on&#8221;][et_pb_text _builder_version=&#8221;4.19.4&#8243; _module_preset=&#8221;default&#8221; header_3_text_align=&#8221;center&#8221; header_3_font_size=&#8221;32px&#8221; header_3_font_size_tablet=&#8221;32px&#8221; header_3_font_size_phone=&#8221;24px&#8221; header_3_font_size_last_edited=&#8221;on|phone&#8221; global_colors_info=&#8221;{}&#8221;]<\/p>\n<h3>Ripustimet\/Fitovers<\/h3>\n<p>[\/et_pb_text][\/et_pb_column][et_pb_column type=&#8221;1_3&#8243; _builder_version=&#8221;4.19.4&#8243; background_color=&#8221;#f4f4f4&#8243; custom_padding=&#8221;5%|2%|5%|2%|true|true&#8221; link_option_url=&#8221;https:\/\/nordlys.se\/fi\/produkt-kategori\/guida-fi\/&#8221; global_colors_info=&#8221;{}&#8221; custom_padding__hover=&#8221;|||&#8221; background_color__hover=&#8221;#FFFFFF&#8221; background__hover_enabled=&#8221;on|desktop&#8221; background_enable_color__hover=&#8221;on&#8221;][et_pb_text _builder_version=&#8221;4.19.4&#8243; _module_preset=&#8221;default&#8221; header_3_text_align=&#8221;center&#8221; header_3_font_size=&#8221;32px&#8221; header_3_font_size_tablet=&#8221;32px&#8221; header_3_font_size_phone=&#8221;24px&#8221; header_3_font_size_last_edited=&#8221;on|phone&#8221; global_colors_info=&#8221;{}&#8221;]<\/p>\n<h3>Guida<\/h3>\n<p>[\/et_pb_text][\/et_pb_column][\/et_pb_row][et_pb_row column_structure=&#8221;1_3,1_3,1_3&#8243; use_custom_gutter=&#8221;on&#8221; gutter_width=&#8221;2&#8243; make_equal=&#8221;on&#8221; custom_padding_last_edited=&#8221;on|phone&#8221; module_class=&#8221; et_pb_row_fullwidth&#8221; _builder_version=&#8221;4.20.4&#8243; background_size=&#8221;initial&#8221; background_position=&#8221;top_left&#8221; background_repeat=&#8221;repeat&#8221; width=&#8221;94%&#8221; width_tablet=&#8221;80%&#8221; width_phone=&#8221;80%&#8221; width_last_edited=&#8221;on|desktop&#8221; max_width=&#8221;94%&#8221; max_width_tablet=&#8221;80%&#8221; max_width_phone=&#8221;80%&#8221; max_width_last_edited=&#8221;on|desktop&#8221; custom_padding=&#8221;|||&#8221; custom_padding_tablet=&#8221;|||&#8221; custom_padding_phone=&#8221;15px||15px||true|false&#8221; hover_enabled=&#8221;0&#8243; make_fullwidth=&#8221;on&#8221; global_colors_info=&#8221;{}&#8221; sticky_enabled=&#8221;0&#8243;][et_pb_column type=&#8221;1_3&#8243; _builder_version=&#8221;4.20.4&#8243; background_color=&#8221;#f4f4f4&#8243; custom_padding=&#8221;5%|2%|5%|2%|true|true&#8221; link_option_url=&#8221;https:\/\/nordlys.se\/fi\/produkt-kategori\/sense-fi\/&#8221; hover_enabled=&#8221;0&#8243; global_colors_info=&#8221;{}&#8221; custom_padding__hover=&#8221;|||&#8221; background_color__hover=&#8221;#FFFFFF&#8221; background__hover_enabled=&#8221;on|desktop&#8221; background_enable_color__hover=&#8221;on&#8221; sticky_enabled=&#8221;0&#8243;][et_pb_text _builder_version=&#8221;4.19.4&#8243; _module_preset=&#8221;default&#8221; header_3_text_align=&#8221;center&#8221; header_3_font_size=&#8221;32px&#8221; header_3_font_size_tablet=&#8221;32px&#8221; header_3_font_size_phone=&#8221;24px&#8221; header_3_font_size_last_edited=&#8221;on|phone&#8221; global_colors_info=&#8221;{}&#8221;]<\/p>\n<h3>Sense<\/h3>\n<p>[\/et_pb_text][\/et_pb_column][et_pb_column type=&#8221;1_3&#8243; _builder_version=&#8221;4.20.4&#8243; background_color=&#8221;#f4f4f4&#8243; custom_padding=&#8221;5%|2%|5%|2%|true|true&#8221; link_option_url=&#8221;https:\/\/nordlys.se\/fi\/produkt-kategori\/nordlineframes-fi\/&#8221; hover_enabled=&#8221;0&#8243; global_colors_info=&#8221;{}&#8221; custom_padding__hover=&#8221;|||&#8221; background_color__hover=&#8221;#FFFFFF&#8221; background__hover_enabled=&#8221;on|desktop&#8221; background_enable_color__hover=&#8221;on&#8221; sticky_enabled=&#8221;0&#8243;][et_pb_text _builder_version=&#8221;4.19.4&#8243; _module_preset=&#8221;default&#8221; header_3_text_align=&#8221;center&#8221; header_3_font_size=&#8221;32px&#8221; header_3_font_size_tablet=&#8221;32px&#8221; header_3_font_size_phone=&#8221;24px&#8221; header_3_font_size_last_edited=&#8221;on|phone&#8221; global_colors_info=&#8221;{}&#8221;]<\/p>\n<h3>Nordlineframes<\/h3>\n<p>[\/et_pb_text][\/et_pb_column][et_pb_column type=&#8221;1_3&#8243; _builder_version=&#8221;4.19.4&#8243; background_color=&#8221;#f4f4f4&#8243; custom_padding=&#8221;5%|2%|5%|2%|true|true&#8221; link_option_url=&#8221;https:\/\/nordlys.se\/fi\/produkt-kategori\/ned-fi\/&#8221; global_colors_info=&#8221;{}&#8221; custom_padding__hover=&#8221;|||&#8221; background_color__hover=&#8221;#FFFFFF&#8221; background__hover_enabled=&#8221;on|desktop&#8221; background_enable_color__hover=&#8221;on&#8221;][et_pb_text _builder_version=&#8221;4.19.4&#8243; _module_preset=&#8221;default&#8221; header_3_text_align=&#8221;center&#8221; header_3_font_size=&#8221;32px&#8221; header_3_font_size_tablet=&#8221;32px&#8221; header_3_font_size_phone=&#8221;24px&#8221; header_3_font_size_last_edited=&#8221;on|phone&#8221; global_colors_info=&#8221;{}&#8221;]<\/p>\n<h3>NED<\/h3>\n<p>[\/et_pb_text][\/et_pb_column][\/et_pb_row][et_pb_row column_structure=&#8221;1_3,1_3,1_3&#8243; use_custom_gutter=&#8221;on&#8221; gutter_width=&#8221;2&#8243; make_equal=&#8221;on&#8221; custom_padding_last_edited=&#8221;on|phone&#8221; module_class=&#8221; et_pb_row_fullwidth&#8221; _builder_version=&#8221;4.19.4&#8243; background_size=&#8221;initial&#8221; background_position=&#8221;top_left&#8221; background_repeat=&#8221;repeat&#8221; width=&#8221;94%&#8221; width_tablet=&#8221;80%&#8221; width_phone=&#8221;80%&#8221; width_last_edited=&#8221;on|desktop&#8221; max_width=&#8221;94%&#8221; max_width_tablet=&#8221;80%&#8221; max_width_phone=&#8221;80%&#8221; max_width_last_edited=&#8221;on|desktop&#8221; custom_padding=&#8221;|||&#8221; custom_padding_tablet=&#8221;|||&#8221; custom_padding_phone=&#8221;15px||15px||true|false&#8221; make_fullwidth=&#8221;on&#8221; global_colors_info=&#8221;{}&#8221;][et_pb_column type=&#8221;1_3&#8243; _builder_version=&#8221;4.19.4&#8243; background_color=&#8221;#f4f4f4&#8243; custom_padding=&#8221;5%|2%|5%|2%|true|true&#8221; link_option_url=&#8221;https:\/\/nordlys.se\/fi\/produkt-kategori\/biter-cream-fi\/&#8221; global_colors_info=&#8221;{}&#8221; custom_padding__hover=&#8221;|||&#8221; background_color__hover=&#8221;#FFFFFF&#8221; background__hover_enabled=&#8221;on|desktop&#8221; background_enable_color__hover=&#8221;on&#8221;][et_pb_text _builder_version=&#8221;4.19.4&#8243; _module_preset=&#8221;default&#8221; header_3_text_align=&#8221;center&#8221; header_3_font_size=&#8221;32px&#8221; header_3_font_size_tablet=&#8221;32px&#8221; header_3_font_size_phone=&#8221;24px&#8221; header_3_font_size_last_edited=&#8221;on|phone&#8221; global_colors_info=&#8221;{}&#8221;]<\/p>\n<h3>Biter Cream<\/h3>\n<p>[\/et_pb_text][\/et_pb_column][et_pb_column type=&#8221;1_3&#8243; _builder_version=&#8221;4.19.4&#8243; background_color=&#8221;#f4f4f4&#8243; custom_padding=&#8221;5%|2%|5%|2%|true|true&#8221; link_option_url=&#8221;https:\/\/nordlys.se\/fi\/produkt-kategori\/bas-fi\/&#8221; global_colors_info=&#8221;{}&#8221; custom_padding__hover=&#8221;|||&#8221; background_color__hover=&#8221;#FFFFFF&#8221; background__hover_enabled=&#8221;on|desktop&#8221; background_enable_color__hover=&#8221;on&#8221;][et_pb_text _builder_version=&#8221;4.19.4&#8243; _module_preset=&#8221;default&#8221; header_3_text_align=&#8221;center&#8221; header_3_font_size=&#8221;32px&#8221; header_3_font_size_tablet=&#8221;32px&#8221; header_3_font_size_phone=&#8221;24px&#8221; header_3_font_size_last_edited=&#8221;on|phone&#8221; global_colors_info=&#8221;{}&#8221;]<\/p>\n<h3>BAS<\/h3>\n<p>[\/et_pb_text][\/et_pb_column][et_pb_column type=&#8221;1_3&#8243; _builder_version=&#8221;4.19.4&#8243; background_color=&#8221;#f4f4f4&#8243; custom_padding=&#8221;5%|2%|5%|2%|true|true&#8221; link_option_url=&#8221;https:\/\/nordlys.se\/fi\/produkt-kategori\/disco-fi\/&#8221; global_colors_info=&#8221;{}&#8221; custom_padding__hover=&#8221;|||&#8221; background_color__hover=&#8221;#FFFFFF&#8221; background__hover_enabled=&#8221;on|desktop&#8221; background_enable_color__hover=&#8221;on&#8221;][et_pb_text _builder_version=&#8221;4.19.4&#8243; _module_preset=&#8221;default&#8221; header_3_text_align=&#8221;center&#8221; header_3_font_size=&#8221;32px&#8221; header_3_font_size_tablet=&#8221;32px&#8221; header_3_font_size_phone=&#8221;24px&#8221; header_3_font_size_last_edited=&#8221;on|phone&#8221; global_colors_info=&#8221;{}&#8221;]<\/p>\n<h3>Disco<\/h3>\n<p>[\/et_pb_text][\/et_pb_column][\/et_pb_row][\/et_pb_section]<\/p>\n","protected":false},"excerpt":{"rendered":"<p>Mallit\/TilauksetT\u00e4ll\u00e4 sivulla voit helposti tehd\u00e4 tilauksen.Siirry siihen tuoteryhm\u00e4\u00e4n, jonka haluat tilata. Clipon &amp; muut aurinkotuotteet eiv\u00e4t ole saatavilla katseltavaksi.cliponRipustimet\/FitoversGuidaSenseNordlineframesNEDBiter CreamBASDisco<\/p>\n","protected":false},"author":1,"featured_media":0,"parent":0,"menu_order":0,"comment_status":"closed","ping_status":"closed","template":"","meta":{"_et_pb_use_builder":"on","_et_pb_old_content":"","_et_gb_content_width":"","footnotes":""},"class_list":["post-27399","page","type-page","status-publish","hentry"],"yoast_head":"<!-- This site is optimized with the Yoast SEO plugin v27.4 - https:\/\/yoast.com\/product\/yoast-seo-wordpress\/ -->\n<title>Mallit \/ tilaus - Nordlys<\/title>\n<meta name=\"robots\" content=\"index, follow, max-snippet:-1, max-image-preview:large, max-video-preview:-1\" \/>\n<link rel=\"canonical\" href=\"https:\/\/nordlys.se\/fi\/butik\/\" \/>\n<meta property=\"og:locale\" content=\"fi_FI\" \/>\n<meta property=\"og:type\" content=\"article\" \/>\n<meta property=\"og:title\" content=\"Mallit \/ tilaus - Nordlys\" \/>\n<meta property=\"og:description\" content=\"Mallit\/TilauksetT\u00e4ll\u00e4 sivulla voit helposti tehd\u00e4 tilauksen.Siirry siihen tuoteryhm\u00e4\u00e4n, jonka haluat tilata. Clipon &amp; muut aurinkotuotteet eiv\u00e4t ole saatavilla katseltavaksi.cliponRipustimet\/FitoversGuidaSenseNordlineframesNEDBiter CreamBASDisco\" \/>\n<meta property=\"og:url\" content=\"https:\/\/nordlys.se\/fi\/butik\/\" \/>\n<meta property=\"og:site_name\" content=\"Nordlys\" \/>\n<meta property=\"article:modified_time\" content=\"2023-05-02T08:47:24+00:00\" \/>\n<meta name=\"twitter:card\" content=\"summary_large_image\" \/>\n<meta name=\"twitter:label1\" content=\"Est. reading time\" \/>\n\t<meta name=\"twitter:data1\" content=\"7 minutes\" \/>\n<script type=\"application\/ld+json\" class=\"yoast-schema-graph\">{\"@context\":\"https:\\\/\\\/schema.org\",\"@graph\":[{\"@type\":\"WebPage\",\"@id\":\"https:\\\/\\\/nordlys.se\\\/fi\\\/butik\\\/\",\"url\":\"https:\\\/\\\/nordlys.se\\\/fi\\\/butik\\\/\",\"name\":\"Mallit \\\/ tilaus - Nordlys\",\"isPartOf\":{\"@id\":\"https:\\\/\\\/nordlys.se\\\/#website\"},\"datePublished\":\"2022-12-19T13:47:20+00:00\",\"dateModified\":\"2023-05-02T08:47:24+00:00\",\"breadcrumb\":{\"@id\":\"https:\\\/\\\/nordlys.se\\\/fi\\\/butik\\\/#breadcrumb\"},\"inLanguage\":\"fi\",\"potentialAction\":[{\"@type\":\"ReadAction\",\"target\":[\"https:\\\/\\\/nordlys.se\\\/fi\\\/butik\\\/\"]}]},{\"@type\":\"BreadcrumbList\",\"@id\":\"https:\\\/\\\/nordlys.se\\\/fi\\\/butik\\\/#breadcrumb\",\"itemListElement\":[{\"@type\":\"ListItem\",\"position\":1,\"name\":\"Hem\",\"item\":\"https:\\\/\\\/nordlys.se\\\/\"},{\"@type\":\"ListItem\",\"position\":2,\"name\":\"Mallit \\\/ tilaus\"}]},{\"@type\":\"WebSite\",\"@id\":\"https:\\\/\\\/nordlys.se\\\/#website\",\"url\":\"https:\\\/\\\/nordlys.se\\\/\",\"name\":\"Nordlys\",\"description\":\"Clpon - du s\u00e4tter dem utanf\u00f6r din b\u00e5ge\",\"publisher\":{\"@id\":\"https:\\\/\\\/nordlys.se\\\/#organization\"},\"potentialAction\":[{\"@type\":\"SearchAction\",\"target\":{\"@type\":\"EntryPoint\",\"urlTemplate\":\"https:\\\/\\\/nordlys.se\\\/?s={search_term_string}\"},\"query-input\":{\"@type\":\"PropertyValueSpecification\",\"valueRequired\":true,\"valueName\":\"search_term_string\"}}],\"inLanguage\":\"fi\"},{\"@type\":\"Organization\",\"@id\":\"https:\\\/\\\/nordlys.se\\\/#organization\",\"name\":\"Nordlys\",\"url\":\"https:\\\/\\\/nordlys.se\\\/\",\"logo\":{\"@type\":\"ImageObject\",\"inLanguage\":\"fi\",\"@id\":\"https:\\\/\\\/nordlys.se\\\/#\\\/schema\\\/logo\\\/image\\\/\",\"url\":\"http:\\\/\\\/nordlys.se\\\/wp-content\\\/uploads\\\/2022\\\/12\\\/logo.png\",\"contentUrl\":\"http:\\\/\\\/nordlys.se\\\/wp-content\\\/uploads\\\/2022\\\/12\\\/logo.png\",\"width\":1419,\"height\":579,\"caption\":\"Nordlys\"},\"image\":{\"@id\":\"https:\\\/\\\/nordlys.se\\\/#\\\/schema\\\/logo\\\/image\\\/\"}}]}<\/script>\n<!-- \/ Yoast SEO plugin. -->","yoast_head_json":{"title":"Mallit \/ tilaus - Nordlys","robots":{"index":"index","follow":"follow","max-snippet":"max-snippet:-1","max-image-preview":"max-image-preview:large","max-video-preview":"max-video-preview:-1"},"canonical":"https:\/\/nordlys.se\/fi\/butik\/","og_locale":"fi_FI","og_type":"article","og_title":"Mallit \/ tilaus - Nordlys","og_description":"Mallit\/TilauksetT\u00e4ll\u00e4 sivulla voit helposti tehd\u00e4 tilauksen.Siirry siihen tuoteryhm\u00e4\u00e4n, jonka haluat tilata. Clipon &amp; muut aurinkotuotteet eiv\u00e4t ole saatavilla katseltavaksi.cliponRipustimet\/FitoversGuidaSenseNordlineframesNEDBiter CreamBASDisco","og_url":"https:\/\/nordlys.se\/fi\/butik\/","og_site_name":"Nordlys","article_modified_time":"2023-05-02T08:47:24+00:00","twitter_card":"summary_large_image","twitter_misc":{"Est. reading time":"7 minutes"},"schema":{"@context":"https:\/\/schema.org","@graph":[{"@type":"WebPage","@id":"https:\/\/nordlys.se\/fi\/butik\/","url":"https:\/\/nordlys.se\/fi\/butik\/","name":"Mallit \/ tilaus - Nordlys","isPartOf":{"@id":"https:\/\/nordlys.se\/#website"},"datePublished":"2022-12-19T13:47:20+00:00","dateModified":"2023-05-02T08:47:24+00:00","breadcrumb":{"@id":"https:\/\/nordlys.se\/fi\/butik\/#breadcrumb"},"inLanguage":"fi","potentialAction":[{"@type":"ReadAction","target":["https:\/\/nordlys.se\/fi\/butik\/"]}]},{"@type":"BreadcrumbList","@id":"https:\/\/nordlys.se\/fi\/butik\/#breadcrumb","itemListElement":[{"@type":"ListItem","position":1,"name":"Hem","item":"https:\/\/nordlys.se\/"},{"@type":"ListItem","position":2,"name":"Mallit \/ tilaus"}]},{"@type":"WebSite","@id":"https:\/\/nordlys.se\/#website","url":"https:\/\/nordlys.se\/","name":"Nordlys","description":"Clpon - du s\u00e4tter dem utanf\u00f6r din b\u00e5ge","publisher":{"@id":"https:\/\/nordlys.se\/#organization"},"potentialAction":[{"@type":"SearchAction","target":{"@type":"EntryPoint","urlTemplate":"https:\/\/nordlys.se\/?s={search_term_string}"},"query-input":{"@type":"PropertyValueSpecification","valueRequired":true,"valueName":"search_term_string"}}],"inLanguage":"fi"},{"@type":"Organization","@id":"https:\/\/nordlys.se\/#organization","name":"Nordlys","url":"https:\/\/nordlys.se\/","logo":{"@type":"ImageObject","inLanguage":"fi","@id":"https:\/\/nordlys.se\/#\/schema\/logo\/image\/","url":"http:\/\/nordlys.se\/wp-content\/uploads\/2022\/12\/logo.png","contentUrl":"http:\/\/nordlys.se\/wp-content\/uploads\/2022\/12\/logo.png","width":1419,"height":579,"caption":"Nordlys"},"image":{"@id":"https:\/\/nordlys.se\/#\/schema\/logo\/image\/"}}]}},"jetpack_sharing_enabled":true,"_links":{"self":[{"href":"https:\/\/nordlys.se\/fi\/wp-json\/wp\/v2\/pages\/27399","targetHints":{"allow":["GET"]}}],"collection":[{"href":"https:\/\/nordlys.se\/fi\/wp-json\/wp\/v2\/pages"}],"about":[{"href":"https:\/\/nordlys.se\/fi\/wp-json\/wp\/v2\/types\/page"}],"author":[{"embeddable":true,"href":"https:\/\/nordlys.se\/fi\/wp-json\/wp\/v2\/users\/1"}],"replies":[{"embeddable":true,"href":"https:\/\/nordlys.se\/fi\/wp-json\/wp\/v2\/comments?post=27399"}],"version-history":[{"count":60,"href":"https:\/\/nordlys.se\/fi\/wp-json\/wp\/v2\/pages\/27399\/revisions"}],"predecessor-version":[{"id":33211,"href":"https:\/\/nordlys.se\/fi\/wp-json\/wp\/v2\/pages\/27399\/revisions\/33211"}],"wp:attachment":[{"href":"https:\/\/nordlys.se\/fi\/wp-json\/wp\/v2\/media?parent=27399"}],"curies":[{"name":"wp","href":"https:\/\/api.w.org\/{rel}","templated":true}]}}